{"id":693,"date":"2020-01-19T18:46:37","date_gmt":"2020-01-19T17:46:37","guid":{"rendered":"https:\/\/apartments-zaostrog.com\/ueber-uns\/"},"modified":"2024-02-12T16:50:00","modified_gmt":"2024-02-12T15:50:00","slug":"ueber-uns","status":"publish","type":"page","link":"https:\/\/apartments-zaostrog.com\/de\/ueber-uns\/","title":{"rendered":"\u00dcber uns"},"content":{"rendered":"<p><div class=\"fusion-fullwidth fullwidth-box fusion-builder-row-1 nonhundred-percent-fullwidth non-hundred-percent-height-scrolling\" style=\"--awb-border-radius-top-left:0px;--awb-border-radius-top-right:0px;--awb-border-radius-bottom-right:0px;--awb-border-radius-bottom-left:0px;--awb-flex-wrap:wrap;\" ><div class=\"fusion-builder-row fusion-row\"><div class=\"fusion-layout-column fusion_builder_column fusion-builder-column-0 fusion_builder_column_1_1 1_1 fusion-one-full fusion-column-first fusion-column-last centered large-text\" style=\"--awb-bg-size:cover;\"><div class=\"fusion-column-wrapper fusion-column-has-shadow fusion-flex-column-wrapper-legacy\"><div class=\"fusion-text fusion-text-1\"><p>Die erstklassige Lage im Herzen Dalmatiens, die N\u00e4he zu den atemberaubenden Str\u00e4nden der einzigartigen Makarska Riviera und die entspannende Ruhe des kleinen K\u00fcstenortes Zaostrog verbinden sich ideal mit unserer Liebe zu S\u00fcddalmatien. Die Tourismusbegeisterung unserer Familie und unser langj\u00e4hriger Unternehmergeist, erg\u00e4nzt mit herzlicher Gastfreundschaft, waren die Gr\u00fcnde f\u00fcr uns die Geschichte der Apartments Marula zu schreiben.<\/p>\n<\/div><div class=\"fusion-clearfix\"><\/div><\/div><\/div><\/div><\/div><div class=\"fusion-fullwidth fullwidth-box fusion-builder-row-2 nonhundred-percent-fullwidth non-hundred-percent-height-scrolling\" style=\"--awb-border-radius-top-left:0px;--awb-border-radius-top-right:0px;--awb-border-radius-bottom-right:0px;--awb-border-radius-bottom-left:0px;--awb-padding-bottom:40px;--awb-flex-wrap:wrap;\" ><div class=\"fusion-builder-row fusion-row\"><div class=\"fusion-layout-column fusion_builder_column fusion-builder-column-1 fusion_builder_column_1_1 1_1 fusion-one-full fusion-column-first fusion-column-last\" style=\"--awb-bg-size:cover;\"><div class=\"fusion-column-wrapper fusion-column-has-shadow fusion-flex-column-wrapper-legacy\"><div class=\"fusion-image-element in-legacy-container\" style=\"--awb-caption-title-font-family:var(--h2_typography-font-family);--awb-caption-title-font-weight:var(--h2_typography-font-weight);--awb-caption-title-font-style:var(--h2_typography-font-style);--awb-caption-title-size:var(--h2_typography-font-size);--awb-caption-title-transform:var(--h2_typography-text-transform);--awb-caption-title-line-height:var(--h2_typography-line-height);--awb-caption-title-letter-spacing:var(--h2_typography-letter-spacing);\"><span class=\" fusion-imageframe imageframe-none imageframe-1 hover-type-none\" style=\"border:20px solid #d7e8f6;\"><img decoding=\"async\" width=\"1100\" height=\"732\" alt=\"View of Zaostrog on the Adriatic Sea, Croatia\" title=\"zaostrog-aerial\" src=\"data:image\/svg+xml,%3Csvg%20xmlns%3D%27http%3A%2F%2Fwww.w3.org%2F2000%2Fsvg%27%20width%3D%271100%27%20height%3D%27732%27%20viewBox%3D%270%200%201100%20732%27%3E%3Crect%20width%3D%271100%27%20height%3D%27732%27%20fill-opacity%3D%220%22%2F%3E%3C%2Fsvg%3E\" data-orig-src=\"https:\/\/apartments-zaostrog.com\/wp-content\/uploads\/2019\/04\/zaostrog-aerial.jpg\" class=\"lazyload img-responsive wp-image-650\"\/><\/span><\/div><div class=\"fusion-clearfix\"><\/div><\/div><\/div><\/div><\/div><div class=\"fusion-fullwidth fullwidth-box fusion-builder-row-3 nonhundred-percent-fullwidth non-hundred-percent-height-scrolling\" style=\"--awb-border-radius-top-left:0px;--awb-border-radius-top-right:0px;--awb-border-radius-bottom-right:0px;--awb-border-radius-bottom-left:0px;--awb-padding-bottom:45px;--awb-flex-wrap:wrap;\" ><div class=\"fusion-builder-row fusion-row\"><div class=\"fusion-layout-column fusion_builder_column fusion-builder-column-2 fusion_builder_column_1_2 1_2 fusion-one-half fusion-column-first\" style=\"--awb-bg-size:cover;width:50%;width:calc(50% - ( ( 4% ) * 0.5 ) );margin-right: 4%;\"><div class=\"fusion-column-wrapper fusion-column-has-shadow fusion-flex-column-wrapper-legacy\"><div class=\"fusion-text fusion-text-2\"><p>Was als Urlaubsort f\u00fcr unsere Familie und als beliebter Treffpunkt mit Freunden begann, entwickelte sich \u00fcber einen Zeitraum von f\u00fcnf Jahren langsam und stetig zu familiengef\u00fchrten Ferienwohnungen. Wir haben das Vergn\u00fcgen, unsere Freunde zu beherbergen und ein perfektes Urlaubsziel am Meer zu schaffen, mit der Idee kombiniert, G\u00e4ste aus der ganzen Welt herzlich willkommen zu hei\u00dfen. Wir wollen unseren G\u00e4sten helfen, liebevolle und sonnige Urlaubserinnerungen zu schaffen, die sie in au\u00dfergew\u00f6hnlich komfortablen Unterk\u00fcnften in einer angenehmen und freundlichen Atmosph\u00e4re verbringen k\u00f6nnen. Jedes unserer sieben brandneuen Apartments wurde mit viel Nachdenken, Enthusiasmus und Professionalit\u00e4t sorgf\u00e4ltig gestaltet \u2013 unser Haus wurde nach der sch\u00f6nen dalmatinischen Heldin Marula benannt.<\/p>\n<\/div><div class=\"fusion-clearfix\"><\/div><\/div><\/div><div class=\"fusion-layout-column fusion_builder_column fusion-builder-column-3 fusion_builder_column_1_2 1_2 fusion-one-half fusion-column-last\" style=\"--awb-bg-size:cover;width:50%;width:calc(50% - ( ( 4% ) * 0.5 ) );\"><div class=\"fusion-column-wrapper fusion-column-has-shadow fusion-flex-column-wrapper-legacy\"><div class=\"fusion-text fusion-text-3\"><p>Unser Ziel ist es, dass Sie sich vom ersten Moment an wie zu Hause f\u00fchlen. Die Apartments wurden mit gro\u00dfer Wertsch\u00e4tzung f\u00fcr Funktionalit\u00e4t, Wohnkomfort und modernen Stil in unmittelbarer Strandn\u00e4he errichtet. Jede Einheit bietet ein bis zwei komfortable Doppelzimmer, einen offenen Wohn- und Essbereich, eine K\u00fcche, ein modernes Duschbad, einen privaten Balkon oder eine Terrasse sowie eine Vielzahl zus\u00e4tzlicher Extras die \u00fcber die \u00fcblichen Erwartungen weit hinausgehen.<\/p>\n<\/div><div class=\"fusion-clearfix\"><\/div><\/div><\/div><\/div><\/div><div class=\"fusion-bg-parallax\" data-bg-align=\"center top\" data-direction=\"up\" data-mute=\"false\" data-opacity=\"100\" data-velocity=\"-0.3\" data-mobile-enabled=\"false\" data-break_parents=\"0\" data-bg-image=\"https:\/\/apartments-zaostrog.com\/wp-content\/uploads\/2019\/04\/toast.jpg\" data-bg-repeat=\"false\" ><\/div><div class=\"fusion-fullwidth fullwidth-box fusion-builder-row-4 fusion-parallax-up nonhundred-percent-fullwidth non-hundred-percent-height-scrolling lazyload\" style=\"--awb-background-position:center top;--awb-border-radius-top-left:0px;--awb-border-radius-top-right:0px;--awb-border-radius-bottom-right:0px;--awb-border-radius-bottom-left:0px;--awb-background-size:cover;--awb-flex-wrap:wrap;\" data-bg=\"https:\/\/apartments-zaostrog.com\/wp-content\/uploads\/2019\/04\/toast.jpg\" ><div class=\"fusion-builder-row fusion-row\"><div class=\"fusion-layout-column fusion_builder_column fusion-builder-column-4 fusion_builder_column_1_1 1_1 fusion-one-full fusion-column-first fusion-column-last\" style=\"--awb-bg-size:cover;\"><div class=\"fusion-column-wrapper fusion-column-has-shadow fusion-flex-column-wrapper-legacy\"><div class=\"fusion-sep-clear\"><\/div><div class=\"fusion-separator fusion-full-width-sep\" style=\"margin-left: auto;margin-right: auto;margin-top:250px;margin-bottom:250px;width:100%;\"><\/div><div class=\"fusion-sep-clear\"><\/div><div class=\"fusion-clearfix\"><\/div><\/div><\/div><\/div><\/div><div class=\"fusion-fullwidth fullwidth-box fusion-builder-row-5 has-pattern-background has-mask-background nonhundred-percent-fullwidth non-hundred-percent-height-scrolling large-text\" style=\"--awb-border-radius-top-left:0px;--awb-border-radius-top-right:0px;--awb-border-radius-bottom-right:0px;--awb-border-radius-bottom-left:0px;--awb-margin-top:80px;--awb-flex-wrap:wrap;\" ><div class=\"fusion-builder-row fusion-row\"><div class=\"fusion-layout-column fusion_builder_column fusion-builder-column-5 fusion_builder_column_2_3 2_3 fusion-two-third fusion-column-first\" style=\"--awb-bg-size:cover;width:66.666666666667%;width:calc(66.666666666667% - ( ( 4% ) * 0.66666666666667 ) );margin-right: 4%;\"><div class=\"fusion-column-wrapper fusion-column-has-shadow fusion-flex-column-wrapper-legacy\"><div class=\"fusion-image-element in-legacy-container\" style=\"--awb-caption-title-font-family:var(--h2_typography-font-family);--awb-caption-title-font-weight:var(--h2_typography-font-weight);--awb-caption-title-font-style:var(--h2_typography-font-style);--awb-caption-title-size:var(--h2_typography-font-size);--awb-caption-title-transform:var(--h2_typography-text-transform);--awb-caption-title-line-height:var(--h2_typography-line-height);--awb-caption-title-letter-spacing:var(--h2_typography-letter-spacing);\"><span class=\" fusion-imageframe imageframe-none imageframe-2 hover-type-none\" style=\"border:20px solid #d7e8f6;\"><img decoding=\"async\" width=\"800\" height=\"532\" alt=\"Family vacation in Zaostrog, Croatia\" title=\"family-vacation-zaostrog-croatia\" src=\"data:image\/svg+xml,%3Csvg%20xmlns%3D%27http%3A%2F%2Fwww.w3.org%2F2000%2Fsvg%27%20width%3D%27800%27%20height%3D%27532%27%20viewBox%3D%270%200%20800%20532%27%3E%3Crect%20width%3D%27800%27%20height%3D%27532%27%20fill-opacity%3D%220%22%2F%3E%3C%2Fsvg%3E\" data-orig-src=\"https:\/\/apartments-zaostrog.com\/wp-content\/uploads\/2019\/04\/family-vacation-zaostrog-croatia.jpg\" class=\"lazyload img-responsive wp-image-651\"\/><\/span><\/div><div class=\"fusion-clearfix\"><\/div><\/div><\/div><div class=\"fusion-layout-column fusion_builder_column fusion-builder-column-6 fusion_builder_column_1_3 1_3 fusion-one-third fusion-column-last\" style=\"--awb-bg-size:cover;width:33.333333333333%;width:calc(33.333333333333% - ( ( 4% ) * 0.33333333333333 ) );\"><div class=\"fusion-column-wrapper fusion-column-has-shadow fusion-flex-column-wrapper-legacy\"><div class=\"fusion-text fusion-text-4\"><p>Wir m\u00f6chten, dass Sie Zaostrog kennen und lieben lernen und sich in unseren Apartments wie zu Hause f\u00fchlen. Unabh\u00e4ngig davon ob Sie eine Familie sind, die auf der Suche nach einem wohlverdienten Urlaub am Meer ist, oder ein Paar das einen erholsamen und romantischen K\u00fcstenort mit guten Restaurants und schicken Strand-Caf\u00e9s sucht. Sie werden dem hektischen Alltag entfliehen und sich entspannen und die au\u00dfergew\u00f6hnliche dalmatinische Umgebung genie\u00dfen.<\/p>\n<\/div><div class=\"fusion-clearfix\"><\/div><\/div><\/div><\/div><\/div><div class=\"fusion-fullwidth fullwidth-box fusion-builder-row-6 nonhundred-percent-fullwidth non-hundred-percent-height-scrolling centered large-text\" style=\"--awb-border-radius-top-left:0px;--awb-border-radius-top-right:0px;--awb-border-radius-bottom-right:0px;--awb-border-radius-bottom-left:0px;--awb-padding-top:40px;--awb-flex-wrap:wrap;\" ><div class=\"fusion-builder-row fusion-row\"><div class=\"fusion-layout-column fusion_builder_column fusion-builder-column-7 fusion_builder_column_1_1 1_1 fusion-one-full fusion-column-first fusion-column-last\" style=\"--awb-bg-size:cover;\"><div class=\"fusion-column-wrapper fusion-column-has-shadow fusion-flex-column-wrapper-legacy\"><div class=\"fusion-text fusion-text-5\"><p>Wir hoffen, dass der Aufenthalt in unseren Apartments einen bleibenden Eindruck hinterl\u00e4sst und den Wunsch weckt, in die Apartments Marula zur\u00fcckzukehren, in denen das sanfte Pl\u00e4tschern des Meeres den Rhythmus Ihrer Urlaubstage bestimmt.<\/p>\n<\/div><div class=\"fusion-clearfix\"><\/div><\/div><\/div><\/div><\/div><\/p>","protected":false},"excerpt":{"rendered":"","protected":false},"author":2,"featured_media":0,"parent":0,"menu_order":0,"comment_status":"closed","ping_status":"closed","template":"100-width.php","meta":{"footnotes":""},"class_list":["post-693","page","type-page","status-publish","hentry"],"yoast_head":"<!-- This site is optimized with the Yoast SEO plugin v26.8 - https:\/\/yoast.com\/product\/yoast-seo-wordpress\/ -->\n<title>\u00dcber uns - Marula Apartments<\/title>\n<meta name=\"robots\" content=\"index, follow, max-snippet:-1, max-image-preview:large, max-video-preview:-1\" \/>\n<link rel=\"canonical\" href=\"https:\/\/apartments-zaostrog.com\/de\/ueber-uns\/\" \/>\n<meta property=\"og:locale\" content=\"de_DE\" \/>\n<meta property=\"og:type\" content=\"article\" \/>\n<meta property=\"og:title\" content=\"\u00dcber uns - Marula Apartments\" \/>\n<meta property=\"og:url\" content=\"https:\/\/apartments-zaostrog.com\/de\/ueber-uns\/\" \/>\n<meta property=\"og:site_name\" content=\"Marula Apartments\" \/>\n<meta property=\"article:publisher\" content=\"https:\/\/www.facebook.com\/apartmentsmarula\/\" \/>\n<meta property=\"article:modified_time\" content=\"2024-02-12T15:50:00+00:00\" \/>\n<meta name=\"twitter:card\" content=\"summary_large_image\" \/>\n<meta name=\"twitter:label1\" content=\"Gesch\u00e4tzte Lesezeit\" \/>\n\t<meta name=\"twitter:data1\" content=\"2\u00a0Minuten\" \/>\n<script type=\"application\/ld+json\" class=\"yoast-schema-graph\">{\"@context\":\"https:\/\/schema.org\",\"@graph\":[{\"@type\":\"WebPage\",\"@id\":\"https:\/\/apartments-zaostrog.com\/de\/ueber-uns\/\",\"url\":\"https:\/\/apartments-zaostrog.com\/de\/ueber-uns\/\",\"name\":\"\u00dcber uns - Marula Apartments\",\"isPartOf\":{\"@id\":\"https:\/\/apartments-zaostrog.com\/#website\"},\"datePublished\":\"2020-01-19T17:46:37+00:00\",\"dateModified\":\"2024-02-12T15:50:00+00:00\",\"breadcrumb\":{\"@id\":\"https:\/\/apartments-zaostrog.com\/de\/ueber-uns\/#breadcrumb\"},\"inLanguage\":\"de\",\"potentialAction\":[{\"@type\":\"ReadAction\",\"target\":[\"https:\/\/apartments-zaostrog.com\/de\/ueber-uns\/\"]}]},{\"@type\":\"BreadcrumbList\",\"@id\":\"https:\/\/apartments-zaostrog.com\/de\/ueber-uns\/#breadcrumb\",\"itemListElement\":[{\"@type\":\"ListItem\",\"position\":1,\"name\":\"Home\",\"item\":\"https:\/\/apartments-zaostrog.com\/de\/\"},{\"@type\":\"ListItem\",\"position\":2,\"name\":\"\u00dcber uns\"}]},{\"@type\":\"WebSite\",\"@id\":\"https:\/\/apartments-zaostrog.com\/#website\",\"url\":\"https:\/\/apartments-zaostrog.com\/\",\"name\":\"Marula Apartments\",\"description\":\"Zaostrog, Croatia\",\"publisher\":{\"@id\":\"https:\/\/apartments-zaostrog.com\/#organization\"},\"potentialAction\":[{\"@type\":\"SearchAction\",\"target\":{\"@type\":\"EntryPoint\",\"urlTemplate\":\"https:\/\/apartments-zaostrog.com\/?s={search_term_string}\"},\"query-input\":{\"@type\":\"PropertyValueSpecification\",\"valueRequired\":true,\"valueName\":\"search_term_string\"}}],\"inLanguage\":\"de\"},{\"@type\":\"Organization\",\"@id\":\"https:\/\/apartments-zaostrog.com\/#organization\",\"name\":\"Apartments Marula\",\"url\":\"https:\/\/apartments-zaostrog.com\/\",\"logo\":{\"@type\":\"ImageObject\",\"inLanguage\":\"de\",\"@id\":\"https:\/\/apartments-zaostrog.com\/#\/schema\/logo\/image\/\",\"url\":\"https:\/\/apartments-zaostrog.com\/wp-content\/uploads\/2019\/04\/apartments-marula-zaostrog-logo.png\",\"contentUrl\":\"https:\/\/apartments-zaostrog.com\/wp-content\/uploads\/2019\/04\/apartments-marula-zaostrog-logo.png\",\"width\":166,\"height\":40,\"caption\":\"Apartments Marula\"},\"image\":{\"@id\":\"https:\/\/apartments-zaostrog.com\/#\/schema\/logo\/image\/\"},\"sameAs\":[\"https:\/\/www.facebook.com\/apartmentsmarula\/\",\"https:\/\/www.instagram.com\/apartmentsmarula\/\",\"https:\/\/www.youtube.com\/channel\/UC9MOJLV9nWWlNSrvSoruBTA\"]}]}<\/script>\n<!-- \/ Yoast SEO plugin. -->","yoast_head_json":{"title":"\u00dcber uns - Marula Apartments","robots":{"index":"index","follow":"follow","max-snippet":"max-snippet:-1","max-image-preview":"max-image-preview:large","max-video-preview":"max-video-preview:-1"},"canonical":"https:\/\/apartments-zaostrog.com\/de\/ueber-uns\/","og_locale":"de_DE","og_type":"article","og_title":"\u00dcber uns - Marula Apartments","og_url":"https:\/\/apartments-zaostrog.com\/de\/ueber-uns\/","og_site_name":"Marula Apartments","article_publisher":"https:\/\/www.facebook.com\/apartmentsmarula\/","article_modified_time":"2024-02-12T15:50:00+00:00","twitter_card":"summary_large_image","twitter_misc":{"Gesch\u00e4tzte Lesezeit":"2\u00a0Minuten"},"schema":{"@context":"https:\/\/schema.org","@graph":[{"@type":"WebPage","@id":"https:\/\/apartments-zaostrog.com\/de\/ueber-uns\/","url":"https:\/\/apartments-zaostrog.com\/de\/ueber-uns\/","name":"\u00dcber uns - Marula Apartments","isPartOf":{"@id":"https:\/\/apartments-zaostrog.com\/#website"},"datePublished":"2020-01-19T17:46:37+00:00","dateModified":"2024-02-12T15:50:00+00:00","breadcrumb":{"@id":"https:\/\/apartments-zaostrog.com\/de\/ueber-uns\/#breadcrumb"},"inLanguage":"de","potentialAction":[{"@type":"ReadAction","target":["https:\/\/apartments-zaostrog.com\/de\/ueber-uns\/"]}]},{"@type":"BreadcrumbList","@id":"https:\/\/apartments-zaostrog.com\/de\/ueber-uns\/#breadcrumb","itemListElement":[{"@type":"ListItem","position":1,"name":"Home","item":"https:\/\/apartments-zaostrog.com\/de\/"},{"@type":"ListItem","position":2,"name":"\u00dcber uns"}]},{"@type":"WebSite","@id":"https:\/\/apartments-zaostrog.com\/#website","url":"https:\/\/apartments-zaostrog.com\/","name":"Marula Apartments","description":"Zaostrog, Croatia","publisher":{"@id":"https:\/\/apartments-zaostrog.com\/#organization"},"potentialAction":[{"@type":"SearchAction","target":{"@type":"EntryPoint","urlTemplate":"https:\/\/apartments-zaostrog.com\/?s={search_term_string}"},"query-input":{"@type":"PropertyValueSpecification","valueRequired":true,"valueName":"search_term_string"}}],"inLanguage":"de"},{"@type":"Organization","@id":"https:\/\/apartments-zaostrog.com\/#organization","name":"Apartments Marula","url":"https:\/\/apartments-zaostrog.com\/","logo":{"@type":"ImageObject","inLanguage":"de","@id":"https:\/\/apartments-zaostrog.com\/#\/schema\/logo\/image\/","url":"https:\/\/apartments-zaostrog.com\/wp-content\/uploads\/2019\/04\/apartments-marula-zaostrog-logo.png","contentUrl":"https:\/\/apartments-zaostrog.com\/wp-content\/uploads\/2019\/04\/apartments-marula-zaostrog-logo.png","width":166,"height":40,"caption":"Apartments Marula"},"image":{"@id":"https:\/\/apartments-zaostrog.com\/#\/schema\/logo\/image\/"},"sameAs":["https:\/\/www.facebook.com\/apartmentsmarula\/","https:\/\/www.instagram.com\/apartmentsmarula\/","https:\/\/www.youtube.com\/channel\/UC9MOJLV9nWWlNSrvSoruBTA"]}]}},"_links":{"self":[{"href":"https:\/\/apartments-zaostrog.com\/de\/wp-json\/wp\/v2\/pages\/693","targetHints":{"allow":["GET"]}}],"collection":[{"href":"https:\/\/apartments-zaostrog.com\/de\/wp-json\/wp\/v2\/pages"}],"about":[{"href":"https:\/\/apartments-zaostrog.com\/de\/wp-json\/wp\/v2\/types\/page"}],"author":[{"embeddable":true,"href":"https:\/\/apartments-zaostrog.com\/de\/wp-json\/wp\/v2\/users\/2"}],"replies":[{"embeddable":true,"href":"https:\/\/apartments-zaostrog.com\/de\/wp-json\/wp\/v2\/comments?post=693"}],"version-history":[{"count":1,"href":"https:\/\/apartments-zaostrog.com\/de\/wp-json\/wp\/v2\/pages\/693\/revisions"}],"predecessor-version":[{"id":1570,"href":"https:\/\/apartments-zaostrog.com\/de\/wp-json\/wp\/v2\/pages\/693\/revisions\/1570"}],"wp:attachment":[{"href":"https:\/\/apartments-zaostrog.com\/de\/wp-json\/wp\/v2\/media?parent=693"}],"curies":[{"name":"wp","href":"https:\/\/api.w.org\/{rel}","templated":true}]}}